{"id":59,"date":"2022-08-03T14:42:03","date_gmt":"2022-08-03T12:42:03","guid":{"rendered":"https:\/\/glimpix.com\/about-us\/"},"modified":"2024-10-07T08:58:25","modified_gmt":"2024-10-07T06:58:25","slug":"cennik","status":"publish","type":"page","link":"https:\/\/glimpix.com\/en\/cennik\/","title":{"rendered":"Pricing"},"content":{"rendered":"<div data-elementor-type=\"wp-page\" data-elementor-id=\"59\" class=\"elementor elementor-59\">\n\t\t\t\t\t\t<section class=\"elementor-section elementor-top-section elementor-element elementor-element-3b76425 elementor-section-boxed elementor-section-height-default elementor-section-height-default\" data-id=\"3b76425\" data-element_type=\"section\">\n\t\t\t\t\t\t<div class=\"elementor-container elementor-column-gap-default\">\n\t\t\t\t\t<div class=\"elementor-column elementor-col-100 elementor-top-column elementor-element elementor-element-304f958\" data-id=\"304f958\" data-element_type=\"column\">\n\t\t\t<div class=\"elementor-widget-wrap elementor-element-populated\">\n\t\t\t\t\t\t<div class=\"elementor-element elementor-element-37fba56 elementor-widget elementor-widget-bdt-advanced-heading\" data-id=\"37fba56\" data-element_type=\"widget\" data-widget_type=\"bdt-advanced-heading.default\">\n\t\t\t\t<div class=\"elementor-widget-container\">\n\t\t\t<div id=\"37fba56\" class=\"bdt-ep-advanced-heading\" data-settings=\"{&quot;titleMultiColor&quot;:&quot;no&quot;}\"><h2 class=\"bdt-ep-advanced-heading-title\"><span class=\"bdt-ep-advanced-heading-main-title\"><span class=\"bdt-ep-advanced-heading-main-title-inner\">Our creators will produce professional quality content<br> at a fraction of the market price. Dive into the hidden potential of individuals!<\/span><\/span><\/h2><\/div>\t\t<\/div>\n\t\t\t\t<\/div>\n\t\t\t\t\t<\/div>\n\t\t<\/div>\n\t\t\t\t\t<\/div>\n\t\t<\/section>\n\t\t\t\t<section class=\"elementor-section elementor-top-section elementor-element elementor-element-5befe5fb elementor-reverse-mobile elementor-section-boxed elementor-section-height-default elementor-section-height-default\" data-id=\"5befe5fb\" data-element_type=\"section\" data-settings=\"{&quot;background_background&quot;:&quot;classic&quot;}\">\n\t\t\t\t\t\t<div class=\"elementor-container elementor-column-gap-default\">\n\t\t\t\t\t<div class=\"elementor-column elementor-col-50 elementor-top-column elementor-element elementor-element-6654b286\" data-id=\"6654b286\" data-element_type=\"column\">\n\t\t\t<div class=\"elementor-widget-wrap elementor-element-populated\">\n\t\t\t\t\t\t<div class=\"elementor-element elementor-element-339cd434 elementor-invisible elementor-widget elementor-widget-heading\" data-id=\"339cd434\" data-element_type=\"widget\" data-settings=\"{&quot;_animation&quot;:&quot;fadeInUp&quot;,&quot;_animation_delay&quot;:&quot;120&quot;}\" data-widget_type=\"heading.default\">\n\t\t\t\t<div class=\"elementor-widget-container\">\n\t\t\t<style>\/*! elementor - v3.21.0 - 26-05-2024 *\/\n.elementor-heading-title{padding:0;margin:0;line-height:1}.elementor-widget-heading .elementor-heading-title[class*=elementor-size-]>a{color:inherit;font-size:inherit;line-height:inherit}.elementor-widget-heading .elementor-heading-title.elementor-size-small{font-size:15px}.elementor-widget-heading .elementor-heading-title.elementor-size-medium{font-size:19px}.elementor-widget-heading .elementor-heading-title.elementor-size-large{font-size:29px}.elementor-widget-heading .elementor-heading-title.elementor-size-xl{font-size:39px}.elementor-widget-heading .elementor-heading-title.elementor-size-xxl{font-size:59px}<\/style><h2 class=\"elementor-heading-title elementor-size-default\">The price for the content is set by the creator!\n<\/h2>\t\t<\/div>\n\t\t\t\t<\/div>\n\t\t\t\t<div class=\"elementor-element elementor-element-2847c886 elementor-invisible elementor-widget elementor-widget-text-editor\" data-id=\"2847c886\" data-element_type=\"widget\" data-settings=\"{&quot;_animation&quot;:&quot;fadeInUp&quot;,&quot;_animation_delay&quot;:&quot;240&quot;}\" data-widget_type=\"text-editor.default\">\n\t\t\t\t<div class=\"elementor-widget-container\">\n\t\t\t<style>\/*! elementor - v3.21.0 - 26-05-2024 *\/\n.elementor-widget-text-editor.elementor-drop-cap-view-stacked .elementor-drop-cap{background-color:#69727d;color:#fff}.elementor-widget-text-editor.elementor-drop-cap-view-framed .elementor-drop-cap{color:#69727d;border:3px solid;background-color:transparent}.elementor-widget-text-editor:not(.elementor-drop-cap-view-default) .elementor-drop-cap{margin-top:8px}.elementor-widget-text-editor:not(.elementor-drop-cap-view-default) .elementor-drop-cap-letter{width:1em;height:1em}.elementor-widget-text-editor .elementor-drop-cap{float:left;text-align:center;line-height:1;font-size:50px}.elementor-widget-text-editor .elementor-drop-cap-letter{display:inline-block}<\/style>\t\t\t\t<p>The brand creates a request with details of the desired content and an approximate expected price it is willing to pay for it. Creators then produce the content, submit it, and set their own price. The brand can review all submitted content and pays only for the content it chooses to download.\u00a0<\/p>\t\t\t\t\t\t<\/div>\n\t\t\t\t<\/div>\n\t\t\t\t<div class=\"elementor-element elementor-element-a7002e5 elementor-invisible elementor-widget elementor-widget-button\" data-id=\"a7002e5\" data-element_type=\"widget\" data-settings=\"{&quot;_animation&quot;:&quot;fadeInUp&quot;,&quot;_animation_delay&quot;:&quot;350&quot;}\" data-widget_type=\"button.default\">\n\t\t\t\t<div class=\"elementor-widget-container\">\n\t\t\t\t\t<div class=\"elementor-button-wrapper\">\n\t\t\t<a class=\"elementor-button elementor-button-link elementor-size-sm\" href=\"http:\/\/brand.glimpix.com\">\n\t\t\t\t\t\t<span class=\"elementor-button-content-wrapper\">\n\t\t\t\t\t\t<span class=\"elementor-button-icon elementor-align-icon-right\">\n\t\t\t\t<i aria-hidden=\"true\" class=\"ti ti-arrow-top-right\"><\/i>\t\t\t<\/span>\n\t\t\t\t\t\t\t\t\t<span class=\"elementor-button-text\"> I'M BRAND IN NEED OF CONTENT<\/span>\n\t\t\t\t\t<\/span>\n\t\t\t\t\t<\/a>\n\t\t<\/div>\n\t\t\t\t<\/div>\n\t\t\t\t<\/div>\n\t\t\t\t\t<\/div>\n\t\t<\/div>\n\t\t\t\t<div class=\"elementor-column elementor-col-50 elementor-top-column elementor-element elementor-element-e8bc298\" data-id=\"e8bc298\" data-element_type=\"column\">\n\t\t\t<div class=\"elementor-widget-wrap elementor-element-populated\">\n\t\t\t\t\t\t<div class=\"elementor-element elementor-element-34b2b95a elementor-invisible elementor-widget elementor-widget-image\" data-id=\"34b2b95a\" data-element_type=\"widget\" data-settings=\"{&quot;_animation&quot;:&quot;fadeInUp&quot;,&quot;_animation_delay&quot;:&quot;200&quot;}\" data-widget_type=\"image.default\">\n\t\t\t\t<div class=\"elementor-widget-container\">\n\t\t\t<style>\/*! elementor - v3.21.0 - 26-05-2024 *\/\n.elementor-widget-image{text-align:center}.elementor-widget-image a{display:inline-block}.elementor-widget-image a img[src$=\".svg\"]{width:48px}.elementor-widget-image img{vertical-align:middle;display:inline-block}<\/style>\t\t\t\t\t\t\t\t\t\t<img fetchpriority=\"high\" decoding=\"async\" width=\"981\" height=\"939\" src=\"https:\/\/glimpix.com\/wp-content\/uploads\/2024\/05\/651ce86fe1ed08a5d7821fcb_home-measure_1_5x.webp\" class=\"attachment-full size-full wp-image-674\" alt=\"\" srcset=\"https:\/\/glimpix.com\/wp-content\/uploads\/2024\/05\/651ce86fe1ed08a5d7821fcb_home-measure_1_5x.webp 981w, https:\/\/glimpix.com\/wp-content\/uploads\/2024\/05\/651ce86fe1ed08a5d7821fcb_home-measure_1_5x-300x287.webp 300w, https:\/\/glimpix.com\/wp-content\/uploads\/2024\/05\/651ce86fe1ed08a5d7821fcb_home-measure_1_5x-768x735.webp 768w, https:\/\/glimpix.com\/wp-content\/uploads\/2024\/05\/651ce86fe1ed08a5d7821fcb_home-measure_1_5x-650x622.webp 650w\" sizes=\"(max-width: 981px) 100vw, 981px\" \/>\t\t\t\t\t\t\t\t\t\t\t\t\t<\/div>\n\t\t\t\t<\/div>\n\t\t\t\t\t<\/div>\n\t\t<\/div>\n\t\t\t\t\t<\/div>\n\t\t<\/section>\n\t\t\t\t<div class=\"elementor-section elementor-top-section elementor-element elementor-element-725ecf1c elementor-section-boxed elementor-section-height-default elementor-section-height-default\" data-id=\"725ecf1c\" data-element_type=\"section\" id=\"testimonials\" data-settings=\"{&quot;background_background&quot;:&quot;classic&quot;,&quot;shape_divider_top&quot;:&quot;tilt&quot;,&quot;shape_divider_bottom&quot;:&quot;tilt&quot;}\">\n\t\t\t\t\t<div class=\"elementor-shape elementor-shape-top\" data-negative=\"false\">\n\t\t\t<svg xmlns=\"http:\/\/www.w3.org\/2000\/svg\" viewbox=\"0 0 1000 100\" preserveaspectratio=\"none\">\n\t<path class=\"elementor-shape-fill\" d=\"M0,6V0h1000v100L0,6z\"\/>\n<\/svg>\t\t<\/div>\n\t\t\t\t<div class=\"elementor-shape elementor-shape-bottom\" data-negative=\"false\">\n\t\t\t<svg xmlns=\"http:\/\/www.w3.org\/2000\/svg\" viewbox=\"0 0 1000 100\" preserveaspectratio=\"none\">\n\t<path class=\"elementor-shape-fill\" d=\"M0,6V0h1000v100L0,6z\"\/>\n<\/svg>\t\t<\/div>\n\t\t\t\t\t<div class=\"elementor-container elementor-column-gap-no\">\n\t\t\t\t\t<div class=\"elementor-column elementor-col-50 elementor-top-column elementor-element elementor-element-047b99f\" data-id=\"047b99f\" data-element_type=\"column\">\n\t\t\t<div class=\"elementor-widget-wrap elementor-element-populated\">\n\t\t\t\t\t\t<div class=\"elementor-element elementor-element-dd84b20 elementor-invisible elementor-widget elementor-widget-image\" data-id=\"dd84b20\" data-element_type=\"widget\" data-settings=\"{&quot;_animation&quot;:&quot;fadeInUp&quot;,&quot;_animation_delay&quot;:&quot;200&quot;}\" data-widget_type=\"image.default\">\n\t\t\t\t<div class=\"elementor-widget-container\">\n\t\t\t\t\t\t\t\t\t\t\t\t\t<img decoding=\"async\" width=\"851\" height=\"940\" src=\"https:\/\/glimpix.com\/wp-content\/uploads\/2024\/05\/651e92605f640e29be27c5e7_brands-hero-img.webp\" class=\"attachment-full size-full wp-image-738\" alt=\"\" srcset=\"https:\/\/glimpix.com\/wp-content\/uploads\/2024\/05\/651e92605f640e29be27c5e7_brands-hero-img.webp 851w, https:\/\/glimpix.com\/wp-content\/uploads\/2024\/05\/651e92605f640e29be27c5e7_brands-hero-img-272x300.webp 272w, https:\/\/glimpix.com\/wp-content\/uploads\/2024\/05\/651e92605f640e29be27c5e7_brands-hero-img-768x848.webp 768w, https:\/\/glimpix.com\/wp-content\/uploads\/2024\/05\/651e92605f640e29be27c5e7_brands-hero-img-588x650.webp 588w\" sizes=\"(max-width: 851px) 100vw, 851px\" \/>\t\t\t\t\t\t\t\t\t\t\t\t\t<\/div>\n\t\t\t\t<\/div>\n\t\t\t\t\t<\/div>\n\t\t<\/div>\n\t\t\t\t<div class=\"elementor-column elementor-col-50 elementor-top-column elementor-element elementor-element-1f115fa6\" data-id=\"1f115fa6\" data-element_type=\"column\">\n\t\t\t<div class=\"elementor-widget-wrap elementor-element-populated\">\n\t\t\t\t\t\t<div class=\"elementor-element elementor-element-388bf5da elementor-widget__width-auto elementor-absolute elementor-widget elementor-widget-image\" data-id=\"388bf5da\" data-element_type=\"widget\" data-settings=\"{&quot;_position&quot;:&quot;absolute&quot;}\" data-widget_type=\"image.default\">\n\t\t\t\t<div class=\"elementor-widget-container\">\n\t\t\t\t\t\t\t\t\t\t\t\t\t<img decoding=\"async\" width=\"596\" height=\"202\" src=\"https:\/\/glimpix.com\/wp-content\/uploads\/2024\/05\/Moving-Service-Website-BG-1.webp\" class=\"attachment-full size-full wp-image-713\" alt=\"\" srcset=\"https:\/\/glimpix.com\/wp-content\/uploads\/2024\/05\/Moving-Service-Website-BG-1.webp 596w, https:\/\/glimpix.com\/wp-content\/uploads\/2024\/05\/Moving-Service-Website-BG-1-300x102.webp 300w\" sizes=\"(max-width: 596px) 100vw, 596px\" \/>\t\t\t\t\t\t\t\t\t\t\t\t\t<\/div>\n\t\t\t\t<\/div>\n\t\t\t\t<div class=\"elementor-element elementor-element-1ff6680 elementor-invisible elementor-widget elementor-widget-heading\" data-id=\"1ff6680\" data-element_type=\"widget\" data-settings=\"{&quot;_animation&quot;:&quot;fadeInUp&quot;,&quot;_animation_delay&quot;:&quot;120&quot;}\" data-widget_type=\"heading.default\">\n\t\t\t\t<div class=\"elementor-widget-container\">\n\t\t\t<h2 class=\"elementor-heading-title elementor-size-default\">We believe in the creative potential of individuals and in the authenticity &amp; uniqueness of content.<\/h2>\t\t<\/div>\n\t\t\t\t<\/div>\n\t\t\t\t<div class=\"elementor-element elementor-element-593b85c9 elementor-widget__width-auto elementor-invisible elementor-widget elementor-widget-button\" data-id=\"593b85c9\" data-element_type=\"widget\" data-settings=\"{&quot;_animation&quot;:&quot;fadeInUp&quot;,&quot;_animation_delay&quot;:&quot;300&quot;}\" data-widget_type=\"button.default\">\n\t\t\t\t<div class=\"elementor-widget-container\">\n\t\t\t\t\t<div class=\"elementor-button-wrapper\">\n\t\t\t<a class=\"elementor-button elementor-button-link elementor-size-sm\" href=\"\/en\/I&\/#039;M CREATOR AND WANT TO CREATE\">\n\t\t\t\t\t\t<span class=\"elementor-button-content-wrapper\">\n\t\t\t\t\t\t<span class=\"elementor-button-icon elementor-align-icon-right\">\n\t\t\t\t<i aria-hidden=\"true\" class=\"ti ti-arrow-top-right\"><\/i>\t\t\t<\/span>\n\t\t\t\t\t\t\t\t\t<span class=\"elementor-button-text\"> I'M CREATOR AND WANT TO CREATE<\/span>\n\t\t\t\t\t<\/span>\n\t\t\t\t\t<\/a>\n\t\t<\/div>\n\t\t\t\t<\/div>\n\t\t\t\t<\/div>\n\t\t\t\t<div class=\"elementor-element elementor-element-770f7c2 elementor-invisible elementor-widget elementor-widget-heading\" data-id=\"770f7c2\" data-element_type=\"widget\" data-settings=\"{&quot;_animation&quot;:&quot;fadeInUp&quot;,&quot;_animation_delay&quot;:&quot;120&quot;}\" data-widget_type=\"heading.default\">\n\t\t\t\t<div class=\"elementor-widget-container\">\n\t\t\t<h2 class=\"elementor-heading-title elementor-size-default\">Using the Glimpix platform you get:<\/h2>\t\t<\/div>\n\t\t\t\t<\/div>\n\t\t\t\t<div class=\"elementor-element elementor-element-387356ca ui-e-icon-left ui-e-left elementor-align-left elementor-invisible elementor-widget elementor-widget-uicore-icon-list\" data-id=\"387356ca\" data-element_type=\"widget\" data-settings=\"{&quot;_animation&quot;:&quot;fadeInUp&quot;,&quot;_animation_delay&quot;:&quot;400&quot;}\" data-widget_type=\"uicore-icon-list.default\">\n\t\t\t\t<div class=\"elementor-widget-container\">\n\t\t\t            <ul>\n\n                                    <li >\n                        <div class=\"ui-e-wrap\">\n                            \n                            \n                            <div class=\"ui-e-content\">\n                                <h3 class=\"ui-e-title\">\n                                    Unlimited amount of briefs                                <\/h3>\n                                <p class=\"ui-e-text\">  <\/p>\n                            <\/div>\n\n                            \n                        <\/div>\n                    <\/li>\n                                    <li class=\"ui-e-spacing\">\n                        <div class=\"ui-e-wrap\">\n                            \n                            \n                            <div class=\"ui-e-content\">\n                                <h3 class=\"ui-e-title\">\n                                    Payment only for downloaded content                                <\/h3>\n                                <p class=\"ui-e-text\">  <\/p>\n                            <\/div>\n\n                            \n                        <\/div>\n                    <\/li>\n                                    <li class=\"ui-e-spacing\">\n                        <div class=\"ui-e-wrap\">\n                            \n                            \n                            <div class=\"ui-e-content\">\n                                <h3 class=\"ui-e-title\">\n                                    Full ownership rights                                <\/h3>\n                                <p class=\"ui-e-text\">  <\/p>\n                            <\/div>\n\n                            \n                        <\/div>\n                    <\/li>\n                                    <li class=\"ui-e-spacing\">\n                        <div class=\"ui-e-wrap\">\n                            \n                            \n                            <div class=\"ui-e-content\">\n                                <h3 class=\"ui-e-title\">\n                                    Full content distribution rights                                <\/h3>\n                                <p class=\"ui-e-text\">  <\/p>\n                            <\/div>\n\n                            \n                        <\/div>\n                    <\/li>\n                                    <li class=\"ui-e-spacing\">\n                        <div class=\"ui-e-wrap\">\n                            \n                            \n                            <div class=\"ui-e-content\">\n                                <h3 class=\"ui-e-title\">\n                                    Automated communication with creators                                <\/h3>\n                                <p class=\"ui-e-text\">  <\/p>\n                            <\/div>\n\n                            \n                        <\/div>\n                    <\/li>\n                                    <li class=\"ui-e-spacing\">\n                        <div class=\"ui-e-wrap\">\n                            \n                            \n                            <div class=\"ui-e-content\">\n                                <h3 class=\"ui-e-title\">\n                                    Authentic content in professional quality                                 <\/h3>\n                                <p class=\"ui-e-text\">  <\/p>\n                            <\/div>\n\n                            \n                        <\/div>\n                    <\/li>\n                            <\/ul>\n        \t\t<\/div>\n\t\t\t\t<\/div>\n\t\t\t\t<div class=\"elementor-element elementor-element-46a3ca81 elementor-widget__width-auto elementor-absolute elementor-widget elementor-widget-image\" data-id=\"46a3ca81\" data-element_type=\"widget\" data-settings=\"{&quot;_position&quot;:&quot;absolute&quot;}\" data-widget_type=\"image.default\">\n\t\t\t\t<div class=\"elementor-widget-container\">\n\t\t\t\t\t\t\t\t\t\t\t\t\t<img loading=\"lazy\" decoding=\"async\" width=\"787\" height=\"186\" src=\"https:\/\/glimpix.com\/wp-content\/uploads\/2024\/05\/Moving-Service-Website-BG-2.webp\" class=\"attachment-full size-full wp-image-714\" alt=\"\" srcset=\"https:\/\/glimpix.com\/wp-content\/uploads\/2024\/05\/Moving-Service-Website-BG-2.webp 787w, https:\/\/glimpix.com\/wp-content\/uploads\/2024\/05\/Moving-Service-Website-BG-2-300x71.webp 300w, https:\/\/glimpix.com\/wp-content\/uploads\/2024\/05\/Moving-Service-Website-BG-2-768x182.webp 768w, https:\/\/glimpix.com\/wp-content\/uploads\/2024\/05\/Moving-Service-Website-BG-2-650x154.webp 650w\" sizes=\"(max-width: 787px) 100vw, 787px\" \/>\t\t\t\t\t\t\t\t\t\t\t\t\t<\/div>\n\t\t\t\t<\/div>\n\t\t\t\t\t<\/div>\n\t\t<\/div>\n\t\t\t\t\t<\/div>\n\t\t<\/div>\n\t\t\t\t<\/div>","protected":false},"excerpt":{"rendered":"<p>Na\u0161i tvorcovia v\u00e1m vytvoria obsah v profesion\u00e1lnej kvalite za zlomok trhovej ceny. Vy\u0165a\u017ete zo skryt\u00e9ho potenci\u00e1lu jednotlivcov! Cenu za obsah si ur\u010duje [&hellip;]<\/p>","protected":false},"author":1,"featured_media":0,"parent":0,"menu_order":0,"comment_status":"closed","ping_status":"closed","template":"","meta":{"footnotes":""},"class_list":["post-59","page","type-page","status-publish","hentry"],"yoast_head":"<!-- This site is optimized with the Yoast SEO plugin v24.0 - https:\/\/yoast.com\/wordpress\/plugins\/seo\/ -->\n<title>Cenn\u00edk - Glimpix.com<\/title>\n<meta name=\"robots\" content=\"index, follow, max-snippet:-1, max-image-preview:large, max-video-preview:-1\" \/>\n<link rel=\"canonical\" href=\"https:\/\/glimpix.com\/en\/cennik\/\" \/>\n<meta property=\"og:locale\" content=\"en_GB\" \/>\n<meta property=\"og:type\" content=\"article\" \/>\n<meta property=\"og:title\" content=\"Cenn\u00edk - Glimpix.com\" \/>\n<meta property=\"og:description\" content=\"Na\u0161i tvorcovia v\u00e1m vytvoria obsah v profesion\u00e1lnej kvalite za zlomok trhovej ceny. Vy\u0165a\u017ete zo skryt\u00e9ho potenci\u00e1lu jednotlivcov! Cenu za obsah si ur\u010duje [&hellip;]\" \/>\n<meta property=\"og:url\" content=\"https:\/\/glimpix.com\/en\/cennik\/\" \/>\n<meta property=\"og:site_name\" content=\"Glimpix.com\" \/>\n<meta property=\"article:modified_time\" content=\"2024-10-07T06:58:25+00:00\" \/>\n<meta property=\"og:image\" content=\"https:\/\/glimpix.com\/wp-content\/uploads\/2024\/05\/651ce86fe1ed08a5d7821fcb_home-measure_1_5x.webp\" \/>\n<meta name=\"twitter:card\" content=\"summary_large_image\" \/>\n<meta name=\"twitter:label1\" content=\"Estimated reading time\" \/>\n\t<meta name=\"twitter:data1\" content=\"1 minute\" \/>\n<script type=\"application\/ld+json\" class=\"yoast-schema-graph\">{\"@context\":\"https:\/\/schema.org\",\"@graph\":[{\"@type\":\"WebPage\",\"@id\":\"https:\/\/glimpix.com\/cennik\/\",\"url\":\"https:\/\/glimpix.com\/cennik\/\",\"name\":\"Cenn\u00edk - Glimpix.com\",\"isPartOf\":{\"@id\":\"https:\/\/glimpix.com\/#website\"},\"primaryImageOfPage\":{\"@id\":\"https:\/\/glimpix.com\/cennik\/#primaryimage\"},\"image\":{\"@id\":\"https:\/\/glimpix.com\/cennik\/#primaryimage\"},\"thumbnailUrl\":\"https:\/\/glimpix.com\/wp-content\/uploads\/2024\/05\/651ce86fe1ed08a5d7821fcb_home-measure_1_5x.webp\",\"datePublished\":\"2022-08-03T12:42:03+00:00\",\"dateModified\":\"2024-10-07T06:58:25+00:00\",\"breadcrumb\":{\"@id\":\"https:\/\/glimpix.com\/cennik\/#breadcrumb\"},\"inLanguage\":\"en-GB\",\"potentialAction\":[{\"@type\":\"ReadAction\",\"target\":[\"https:\/\/glimpix.com\/cennik\/\"]}]},{\"@type\":\"ImageObject\",\"inLanguage\":\"en-GB\",\"@id\":\"https:\/\/glimpix.com\/cennik\/#primaryimage\",\"url\":\"https:\/\/glimpix.com\/wp-content\/uploads\/2024\/05\/651ce86fe1ed08a5d7821fcb_home-measure_1_5x.webp\",\"contentUrl\":\"https:\/\/glimpix.com\/wp-content\/uploads\/2024\/05\/651ce86fe1ed08a5d7821fcb_home-measure_1_5x.webp\"},{\"@type\":\"BreadcrumbList\",\"@id\":\"https:\/\/glimpix.com\/cennik\/#breadcrumb\",\"itemListElement\":[{\"@type\":\"ListItem\",\"position\":1,\"name\":\"Domovsk\u00e1 str\u00e1nka\",\"item\":\"https:\/\/glimpix.com\/\"},{\"@type\":\"ListItem\",\"position\":2,\"name\":\"Cenn\u00edk\"}]},{\"@type\":\"WebSite\",\"@id\":\"https:\/\/glimpix.com\/#website\",\"url\":\"https:\/\/glimpix.com\/\",\"name\":\"Glimpix.com\",\"description\":\"\",\"potentialAction\":[{\"@type\":\"SearchAction\",\"target\":{\"@type\":\"EntryPoint\",\"urlTemplate\":\"https:\/\/glimpix.com\/?s={search_term_string}\"},\"query-input\":{\"@type\":\"PropertyValueSpecification\",\"valueRequired\":true,\"valueName\":\"search_term_string\"}}],\"inLanguage\":\"en-GB\"}]}<\/script>\n<!-- \/ Yoast SEO plugin. -->","yoast_head_json":{"title":"Cenn\u00edk - Glimpix.com","robots":{"index":"index","follow":"follow","max-snippet":"max-snippet:-1","max-image-preview":"max-image-preview:large","max-video-preview":"max-video-preview:-1"},"canonical":"https:\/\/glimpix.com\/en\/cennik\/","og_locale":"en_GB","og_type":"article","og_title":"Cenn\u00edk - Glimpix.com","og_description":"Na\u0161i tvorcovia v\u00e1m vytvoria obsah v profesion\u00e1lnej kvalite za zlomok trhovej ceny. Vy\u0165a\u017ete zo skryt\u00e9ho potenci\u00e1lu jednotlivcov! Cenu za obsah si ur\u010duje [&hellip;]","og_url":"https:\/\/glimpix.com\/en\/cennik\/","og_site_name":"Glimpix.com","article_modified_time":"2024-10-07T06:58:25+00:00","og_image":[{"url":"https:\/\/glimpix.com\/wp-content\/uploads\/2024\/05\/651ce86fe1ed08a5d7821fcb_home-measure_1_5x.webp","type":"","width":"","height":""}],"twitter_card":"summary_large_image","twitter_misc":{"Estimated reading time":"1 minute"},"schema":{"@context":"https:\/\/schema.org","@graph":[{"@type":"WebPage","@id":"https:\/\/glimpix.com\/cennik\/","url":"https:\/\/glimpix.com\/cennik\/","name":"Cenn\u00edk - Glimpix.com","isPartOf":{"@id":"https:\/\/glimpix.com\/#website"},"primaryImageOfPage":{"@id":"https:\/\/glimpix.com\/cennik\/#primaryimage"},"image":{"@id":"https:\/\/glimpix.com\/cennik\/#primaryimage"},"thumbnailUrl":"https:\/\/glimpix.com\/wp-content\/uploads\/2024\/05\/651ce86fe1ed08a5d7821fcb_home-measure_1_5x.webp","datePublished":"2022-08-03T12:42:03+00:00","dateModified":"2024-10-07T06:58:25+00:00","breadcrumb":{"@id":"https:\/\/glimpix.com\/cennik\/#breadcrumb"},"inLanguage":"en-GB","potentialAction":[{"@type":"ReadAction","target":["https:\/\/glimpix.com\/cennik\/"]}]},{"@type":"ImageObject","inLanguage":"en-GB","@id":"https:\/\/glimpix.com\/cennik\/#primaryimage","url":"https:\/\/glimpix.com\/wp-content\/uploads\/2024\/05\/651ce86fe1ed08a5d7821fcb_home-measure_1_5x.webp","contentUrl":"https:\/\/glimpix.com\/wp-content\/uploads\/2024\/05\/651ce86fe1ed08a5d7821fcb_home-measure_1_5x.webp"},{"@type":"BreadcrumbList","@id":"https:\/\/glimpix.com\/cennik\/#breadcrumb","itemListElement":[{"@type":"ListItem","position":1,"name":"Domovsk\u00e1 str\u00e1nka","item":"https:\/\/glimpix.com\/"},{"@type":"ListItem","position":2,"name":"Cenn\u00edk"}]},{"@type":"WebSite","@id":"https:\/\/glimpix.com\/#website","url":"https:\/\/glimpix.com\/","name":"Glimpix.com","description":"","potentialAction":[{"@type":"SearchAction","target":{"@type":"EntryPoint","urlTemplate":"https:\/\/glimpix.com\/?s={search_term_string}"},"query-input":{"@type":"PropertyValueSpecification","valueRequired":true,"valueName":"search_term_string"}}],"inLanguage":"en-GB"}]}},"_links":{"self":[{"href":"https:\/\/glimpix.com\/en\/wp-json\/wp\/v2\/pages\/59","targetHints":{"allow":["GET"]}}],"collection":[{"href":"https:\/\/glimpix.com\/en\/wp-json\/wp\/v2\/pages"}],"about":[{"href":"https:\/\/glimpix.com\/en\/wp-json\/wp\/v2\/types\/page"}],"author":[{"embeddable":true,"href":"https:\/\/glimpix.com\/en\/wp-json\/wp\/v2\/users\/1"}],"replies":[{"embeddable":true,"href":"https:\/\/glimpix.com\/en\/wp-json\/wp\/v2\/comments?post=59"}],"version-history":[{"count":136,"href":"https:\/\/glimpix.com\/en\/wp-json\/wp\/v2\/pages\/59\/revisions"}],"predecessor-version":[{"id":2167,"href":"https:\/\/glimpix.com\/en\/wp-json\/wp\/v2\/pages\/59\/revisions\/2167"}],"wp:attachment":[{"href":"https:\/\/glimpix.com\/en\/wp-json\/wp\/v2\/media?parent=59"}],"curies":[{"name":"wp","href":"https:\/\/api.w.org\/{rel}","templated":true}]}}