{"id":2221,"date":"2024-10-15T12:17:14","date_gmt":"2024-10-15T10:17:14","guid":{"rendered":"https:\/\/glimpix.com\/?page_id=2221"},"modified":"2024-10-15T13:15:58","modified_gmt":"2024-10-15T11:15:58","slug":"som-znacka-test","status":"publish","type":"page","link":"https:\/\/glimpix.com\/en\/som-znacka-test\/","title":{"rendered":"Som zna\u010dka test"},"content":{"rendered":"<div data-elementor-type=\"wp-page\" data-elementor-id=\"2221\" class=\"elementor elementor-2221\">\n\t\t\t\t<div class=\"elementor-element elementor-element-3525a8b3 e-con-full e-flex e-con e-parent\" data-id=\"3525a8b3\" data-element_type=\"container\" data-settings=\"{&quot;background_background&quot;:&quot;classic&quot;}\">\n\t\t<div class=\"elementor-element elementor-element-59b32ab6 e-flex e-con-boxed e-con e-child\" data-id=\"59b32ab6\" data-element_type=\"container\" data-settings=\"{&quot;background_background&quot;:&quot;classic&quot;}\">\n\t\t\t\t\t<div class=\"e-con-inner\">\n\t\t<div class=\"elementor-element elementor-element-200fffd7 e-con-full e-flex e-con e-child\" data-id=\"200fffd7\" data-element_type=\"container\">\n\t\t<div class=\"elementor-element elementor-element-66857dcf e-con-full e-flex e-con e-child\" data-id=\"66857dcf\" data-element_type=\"container\" data-settings=\"{&quot;background_background&quot;:&quot;classic&quot;}\">\n\t\t\t\t<div class=\"elementor-element elementor-element-7fd49a04 ui-e-top ui-e-align-center ui-e-align-tablet-center ui-e-align-mobile-center elementor-invisible elementor-widget elementor-widget-uicore-icon-box\" data-id=\"7fd49a04\" data-element_type=\"widget\" data-settings=\"{&quot;_animation_delay&quot;:&quot;800&quot;,&quot;_animation&quot;:&quot;fadeInUp&quot;,&quot;position&quot;:&quot;top&quot;,&quot;content_padding&quot;:{&quot;unit&quot;:&quot;px&quot;,&quot;top&quot;:&quot;&quot;,&quot;right&quot;:&quot;&quot;,&quot;bottom&quot;:&quot;&quot;,&quot;left&quot;:&quot;&quot;,&quot;isLinked&quot;:true},&quot;content_padding_tablet&quot;:{&quot;unit&quot;:&quot;px&quot;,&quot;top&quot;:&quot;&quot;,&quot;right&quot;:&quot;&quot;,&quot;bottom&quot;:&quot;&quot;,&quot;left&quot;:&quot;&quot;,&quot;isLinked&quot;:true},&quot;content_padding_mobile&quot;:{&quot;unit&quot;:&quot;px&quot;,&quot;top&quot;:&quot;&quot;,&quot;right&quot;:&quot;&quot;,&quot;bottom&quot;:&quot;&quot;,&quot;left&quot;:&quot;&quot;,&quot;isLinked&quot;:true}}\" data-widget_type=\"uicore-icon-box.default\">\n\t\t\t\t<div class=\"elementor-widget-container\">\n\t\t\t\n\t\t\t<div class=\"ui-e-ico-box\" >\n\n\t\t\t\t\n\t\t\t\t<div class='ui-e-flex-wrp'>\n\n\t\t\t\t\t\t\t\t\t\t\t<div class=\"ui-e-icon-wrp\">\n\n\t\t\t\t\t\t\t<svg aria-hidden=\"true\" class=\"e-font-icon-svg e-fas-euro-sign\" viewbox=\"0 0 320 512\" xmlns=\"http:\/\/www.w3.org\/2000\/svg\"><path d=\"M310.706 413.765c-1.314-6.63-7.835-10.872-14.424-9.369-10.692 2.439-27.422 5.413-45.426 5.413-56.763 0-101.929-34.79-121.461-85.449h113.689a12 12 0 0 0 11.708-9.369l6.373-28.36c1.686-7.502-4.019-14.631-11.708-14.631H115.22c-1.21-14.328-1.414-28.287.137-42.245H261.95a12 12 0 0 0 11.723-9.434l6.512-29.755c1.638-7.484-4.061-14.566-11.723-14.566H130.184c20.633-44.991 62.69-75.03 117.619-75.03 14.486 0 28.564 2.25 37.851 4.145 6.216 1.268 12.347-2.498 14.002-8.623l11.991-44.368c1.822-6.741-2.465-13.616-9.326-14.917C290.217 34.912 270.71 32 249.635 32 152.451 32 74.03 92.252 45.075 176H12c-6.627 0-12 5.373-12 12v29.755c0 6.627 5.373 12 12 12h21.569c-1.009 13.607-1.181 29.287-.181 42.245H12c-6.627 0-12 5.373-12 12v28.36c0 6.627 5.373 12 12 12h30.114C67.139 414.692 145.264 480 249.635 480c26.301 0 48.562-4.544 61.101-7.788 6.167-1.595 10.027-7.708 8.788-13.957l-8.818-44.49z\"><\/path><\/svg>\n\t\t\t\t\t\t<\/div>\n\t\t\t\t\t\n\t\t\t\t\t<div class=\"ui-e-title-wrp\"><h4 class=\"ui-e-title\">1.) PLATEN\u00c9 SPOLUPR\u00c1CE<\/h4><\/div>\n\t\t\t\t<\/div>\n\n\t\t\t\t<div class=\"ui-e-box-content\">\n\t\t\t\t\t\n\t\t\t\t\t<div class=\"ui-e-description\">\n\t\t\t\t\t\tGreat ideas come from collaboration. At Upshift, we foster a team environment where every voice is heard.\t\t\t\t\t<\/div>\n\n\t\t\t\t\t\n\t\t\t\t<\/div>\n\t\t\t<\/div>\n\t\t\t\t<\/div>\n\t\t\t\t<\/div>\n\t\t\t\t<\/div>\n\t\t<div class=\"elementor-element elementor-element-333a4cbe e-con-full e-flex e-con e-child\" data-id=\"333a4cbe\" data-element_type=\"container\" data-settings=\"{&quot;background_background&quot;:&quot;classic&quot;}\">\n\t\t\t\t<div class=\"elementor-element elementor-element-3cdf01f8 ui-e-top ui-e-align-center ui-e-align-tablet-center ui-e-align-mobile-center elementor-invisible elementor-widget elementor-widget-uicore-icon-box\" data-id=\"3cdf01f8\" data-element_type=\"widget\" data-settings=\"{&quot;_animation_delay&quot;:&quot;800&quot;,&quot;_animation&quot;:&quot;fadeInUp&quot;,&quot;position&quot;:&quot;top&quot;,&quot;content_padding&quot;:{&quot;unit&quot;:&quot;px&quot;,&quot;top&quot;:&quot;&quot;,&quot;right&quot;:&quot;&quot;,&quot;bottom&quot;:&quot;&quot;,&quot;left&quot;:&quot;&quot;,&quot;isLinked&quot;:true},&quot;content_padding_tablet&quot;:{&quot;unit&quot;:&quot;px&quot;,&quot;top&quot;:&quot;&quot;,&quot;right&quot;:&quot;&quot;,&quot;bottom&quot;:&quot;&quot;,&quot;left&quot;:&quot;&quot;,&quot;isLinked&quot;:true},&quot;content_padding_mobile&quot;:{&quot;unit&quot;:&quot;px&quot;,&quot;top&quot;:&quot;&quot;,&quot;right&quot;:&quot;&quot;,&quot;bottom&quot;:&quot;&quot;,&quot;left&quot;:&quot;&quot;,&quot;isLinked&quot;:true}}\" data-widget_type=\"uicore-icon-box.default\">\n\t\t\t\t<div class=\"elementor-widget-container\">\n\t\t\t\n\t\t\t<div class=\"ui-e-ico-box\" >\n\n\t\t\t\t\n\t\t\t\t<div class='ui-e-flex-wrp'>\n\n\t\t\t\t\t\t\t\t\t\t\t<div class=\"ui-e-icon-wrp\">\n\n\t\t\t\t\t\t\t<svg aria-hidden=\"true\" class=\"e-font-icon-svg e-far-handshake\" viewbox=\"0 0 640 512\" xmlns=\"http:\/\/www.w3.org\/2000\/svg\"><path d=\"M519.2 127.9l-47.6-47.6A56.252 56.252 0 0 0 432 64H205.2c-14.8 0-29.1 5.9-39.6 16.3L118 127.9H0v255.7h64c17.6 0 31.8-14.2 31.9-31.7h9.1l84.6 76.4c30.9 25.1 73.8 25.7 105.6 3.8 12.5 10.8 26 15.9 41.1 15.9 18.2 0 35.3-7.4 48.8-24 22.1 8.7 48.2 2.6 64-16.8l26.2-32.3c5.6-6.9 9.1-14.8 10.9-23h57.9c.1 17.5 14.4 31.7 31.9 31.7h64V127.9H519.2zM48 351.6c-8.8 0-16-7.2-16-16s7.2-16 16-16 16 7.2 16 16c0 8.9-7.2 16-16 16zm390-6.9l-26.1 32.2c-2.8 3.4-7.8 4-11.3 1.2l-23.9-19.4-30 36.5c-6 7.3-15 4.8-18 2.4l-36.8-31.5-15.6 19.2c-13.9 17.1-39.2 19.7-55.3 6.6l-97.3-88H96V175.8h41.9l61.7-61.6c2-.8 3.7-1.5 5.7-2.3H262l-38.7 35.5c-29.4 26.9-31.1 72.3-4.4 101.3 14.8 16.2 61.2 41.2 101.5 4.4l8.2-7.5 108.2 87.8c3.4 2.8 3.9 7.9 1.2 11.3zm106-40.8h-69.2c-2.3-2.8-4.9-5.4-7.7-7.7l-102.7-83.4 12.5-11.4c6.5-6 7-16.1 1-22.6L367 167.1c-6-6.5-16.1-6.9-22.6-1l-55.2 50.6c-9.5 8.7-25.7 9.4-34.6 0-9.3-9.9-8.5-25.1 1.2-33.9l65.6-60.1c7.4-6.8 17-10.5 27-10.5l83.7-.2c2.1 0 4.1.8 5.5 2.3l61.7 61.6H544v128zm48 47.7c-8.8 0-16-7.2-16-16s7.2-16 16-16 16 7.2 16 16c0 8.9-7.2 16-16 16z\"><\/path><\/svg>\n\t\t\t\t\t\t<\/div>\n\t\t\t\t\t\n\t\t\t\t\t<div class=\"ui-e-title-wrp\"><h4 class=\"ui-e-title\">2.) BARTEROV\u00c9 SPOLUPR\u00c1CE<\/h4><\/div>\n\t\t\t\t<\/div>\n\n\t\t\t\t<div class=\"ui-e-box-content\">\n\t\t\t\t\t\n\t\t\t\t\t<div class=\"ui-e-description\">\n\t\t\t\t\t\ttvorcovi produkt po\u0161lete po\u0161tou alebo mu priprav\u00edte 100% z\u013eavov\u00fd k\u00f3d na objednanie zdarma a po obdr\u017ean\u00ed produktu tvorca obsah vytvor\u00ed pod\u013ea zadania a produkt si nech\u00e1.\t\t\t\t\t<\/div>\n\n\t\t\t\t\t\n\t\t\t\t<\/div>\n\t\t\t<\/div>\n\t\t\t\t<\/div>\n\t\t\t\t<\/div>\n\t\t\t\t<\/div>\n\t\t<div class=\"elementor-element elementor-element-362a4a05 e-con-full e-flex e-con e-child\" data-id=\"362a4a05\" data-element_type=\"container\" data-settings=\"{&quot;background_background&quot;:&quot;classic&quot;}\">\n\t\t\t\t<div class=\"elementor-element elementor-element-c76cea3 ui-e-top ui-e-align-center ui-e-align-tablet-center ui-e-align-mobile-center elementor-invisible elementor-widget elementor-widget-uicore-icon-box\" data-id=\"c76cea3\" data-element_type=\"widget\" data-settings=\"{&quot;_animation_delay&quot;:&quot;800&quot;,&quot;_animation&quot;:&quot;fadeInUp&quot;,&quot;position&quot;:&quot;top&quot;,&quot;content_padding&quot;:{&quot;unit&quot;:&quot;px&quot;,&quot;top&quot;:&quot;&quot;,&quot;right&quot;:&quot;&quot;,&quot;bottom&quot;:&quot;&quot;,&quot;left&quot;:&quot;&quot;,&quot;isLinked&quot;:true},&quot;content_padding_tablet&quot;:{&quot;unit&quot;:&quot;px&quot;,&quot;top&quot;:&quot;&quot;,&quot;right&quot;:&quot;&quot;,&quot;bottom&quot;:&quot;&quot;,&quot;left&quot;:&quot;&quot;,&quot;isLinked&quot;:true},&quot;content_padding_mobile&quot;:{&quot;unit&quot;:&quot;px&quot;,&quot;top&quot;:&quot;&quot;,&quot;right&quot;:&quot;&quot;,&quot;bottom&quot;:&quot;&quot;,&quot;left&quot;:&quot;&quot;,&quot;isLinked&quot;:true}}\" data-widget_type=\"uicore-icon-box.default\">\n\t\t\t\t<div class=\"elementor-widget-container\">\n\t\t\t\n\t\t\t<div class=\"ui-e-ico-box\" >\n\n\t\t\t\t\n\t\t\t\t<div class='ui-e-flex-wrp'>\n\n\t\t\t\t\t\t\t\t\t\t\t<div class=\"ui-e-icon-wrp\">\n\n\t\t\t\t\t\t\t<i aria-hidden=\"true\" class=\"ti ti-exchange-vertical\"><\/i>\n\t\t\t\t\t\t<\/div>\n\t\t\t\t\t\n\t\t\t\t\t<div class=\"ui-e-title-wrp\"><h4 class=\"ui-e-title\">3.) KOMBINOVAN\u00c9 SPOLUPR\u00c1CE<\/h4><\/div>\n\t\t\t\t<\/div>\n\n\t\t\t\t<div class=\"ui-e-box-content\">\n\t\t\t\t\t\n\t\t\t\t\t<div class=\"ui-e-description\">\n\t\t\t\t\t\ttvorcovi produkt po\u0161lete alebo mu priprav\u00edte 100% z\u013eavov\u00fd k\u00f3d na objednanie zdarma a z\u00e1rove\u0148 mu za fin\u00e1lny obsah s va\u0161im produktom zaplat\u00edte vopred dohodnut\u00fa sumu.\t\t\t\t\t<\/div>\n\n\t\t\t\t\t\n\t\t\t\t<\/div>\n\t\t\t<\/div>\n\t\t\t\t<\/div>\n\t\t\t\t<\/div>\n\t\t\t\t<\/div>\n\t\t\t\t<\/div>\n\t\t\t\t\t<\/div>\n\t\t\t\t<\/div>\n\t\t\t\t<\/div>\n\t\t\t\t<\/div>","protected":false},"excerpt":{"rendered":"<p>1.) PLATEN\u00c9 SPOLUPR\u00c1CE Great ideas come from collaboration. At Upshift, we foster a team environment where every voice is heard. 2.) BARTEROV\u00c9 [&hellip;]<\/p>","protected":false},"author":1,"featured_media":0,"parent":0,"menu_order":0,"comment_status":"closed","ping_status":"closed","template":"","meta":{"footnotes":""},"class_list":["post-2221","page","type-page","status-publish","hentry"],"yoast_head":"<!-- This site is optimized with the Yoast SEO plugin v24.0 - https:\/\/yoast.com\/wordpress\/plugins\/seo\/ -->\n<title>Som zna\u010dka test - Glimpix.com<\/title>\n<meta name=\"robots\" content=\"index, follow, max-snippet:-1, max-image-preview:large, max-video-preview:-1\" \/>\n<link rel=\"canonical\" href=\"https:\/\/glimpix.com\/en\/som-znacka-test\/\" \/>\n<meta property=\"og:locale\" content=\"en_GB\" \/>\n<meta property=\"og:type\" content=\"article\" \/>\n<meta property=\"og:title\" content=\"Som zna\u010dka test - Glimpix.com\" \/>\n<meta property=\"og:description\" content=\"1.) PLATEN\u00c9 SPOLUPR\u00c1CE Great ideas come from collaboration. At Upshift, we foster a team environment where every voice is heard. 2.) BARTEROV\u00c9 [&hellip;]\" \/>\n<meta property=\"og:url\" content=\"https:\/\/glimpix.com\/en\/som-znacka-test\/\" \/>\n<meta property=\"og:site_name\" content=\"Glimpix.com\" \/>\n<meta property=\"article:modified_time\" content=\"2024-10-15T11:15:58+00:00\" \/>\n<meta name=\"twitter:card\" content=\"summary_large_image\" \/>\n<meta name=\"twitter:label1\" content=\"Estimated reading time\" \/>\n\t<meta name=\"twitter:data1\" content=\"1 minute\" \/>\n<script type=\"application\/ld+json\" class=\"yoast-schema-graph\">{\"@context\":\"https:\/\/schema.org\",\"@graph\":[{\"@type\":\"WebPage\",\"@id\":\"https:\/\/glimpix.com\/som-znacka-test\/\",\"url\":\"https:\/\/glimpix.com\/som-znacka-test\/\",\"name\":\"Som zna\u010dka test - Glimpix.com\",\"isPartOf\":{\"@id\":\"https:\/\/glimpix.com\/#website\"},\"datePublished\":\"2024-10-15T10:17:14+00:00\",\"dateModified\":\"2024-10-15T11:15:58+00:00\",\"breadcrumb\":{\"@id\":\"https:\/\/glimpix.com\/som-znacka-test\/#breadcrumb\"},\"inLanguage\":\"en-GB\",\"potentialAction\":[{\"@type\":\"ReadAction\",\"target\":[\"https:\/\/glimpix.com\/som-znacka-test\/\"]}]},{\"@type\":\"BreadcrumbList\",\"@id\":\"https:\/\/glimpix.com\/som-znacka-test\/#breadcrumb\",\"itemListElement\":[{\"@type\":\"ListItem\",\"position\":1,\"name\":\"Domovsk\u00e1 str\u00e1nka\",\"item\":\"https:\/\/glimpix.com\/\"},{\"@type\":\"ListItem\",\"position\":2,\"name\":\"Som zna\u010dka test\"}]},{\"@type\":\"WebSite\",\"@id\":\"https:\/\/glimpix.com\/#website\",\"url\":\"https:\/\/glimpix.com\/\",\"name\":\"Glimpix.com\",\"description\":\"\",\"potentialAction\":[{\"@type\":\"SearchAction\",\"target\":{\"@type\":\"EntryPoint\",\"urlTemplate\":\"https:\/\/glimpix.com\/?s={search_term_string}\"},\"query-input\":{\"@type\":\"PropertyValueSpecification\",\"valueRequired\":true,\"valueName\":\"search_term_string\"}}],\"inLanguage\":\"en-GB\"}]}<\/script>\n<!-- \/ Yoast SEO plugin. -->","yoast_head_json":{"title":"Som zna\u010dka test - Glimpix.com","robots":{"index":"index","follow":"follow","max-snippet":"max-snippet:-1","max-image-preview":"max-image-preview:large","max-video-preview":"max-video-preview:-1"},"canonical":"https:\/\/glimpix.com\/en\/som-znacka-test\/","og_locale":"en_GB","og_type":"article","og_title":"Som zna\u010dka test - Glimpix.com","og_description":"1.) PLATEN\u00c9 SPOLUPR\u00c1CE Great ideas come from collaboration. At Upshift, we foster a team environment where every voice is heard. 2.) BARTEROV\u00c9 [&hellip;]","og_url":"https:\/\/glimpix.com\/en\/som-znacka-test\/","og_site_name":"Glimpix.com","article_modified_time":"2024-10-15T11:15:58+00:00","twitter_card":"summary_large_image","twitter_misc":{"Estimated reading time":"1 minute"},"schema":{"@context":"https:\/\/schema.org","@graph":[{"@type":"WebPage","@id":"https:\/\/glimpix.com\/som-znacka-test\/","url":"https:\/\/glimpix.com\/som-znacka-test\/","name":"Som zna\u010dka test - Glimpix.com","isPartOf":{"@id":"https:\/\/glimpix.com\/#website"},"datePublished":"2024-10-15T10:17:14+00:00","dateModified":"2024-10-15T11:15:58+00:00","breadcrumb":{"@id":"https:\/\/glimpix.com\/som-znacka-test\/#breadcrumb"},"inLanguage":"en-GB","potentialAction":[{"@type":"ReadAction","target":["https:\/\/glimpix.com\/som-znacka-test\/"]}]},{"@type":"BreadcrumbList","@id":"https:\/\/glimpix.com\/som-znacka-test\/#breadcrumb","itemListElement":[{"@type":"ListItem","position":1,"name":"Domovsk\u00e1 str\u00e1nka","item":"https:\/\/glimpix.com\/"},{"@type":"ListItem","position":2,"name":"Som zna\u010dka test"}]},{"@type":"WebSite","@id":"https:\/\/glimpix.com\/#website","url":"https:\/\/glimpix.com\/","name":"Glimpix.com","description":"","potentialAction":[{"@type":"SearchAction","target":{"@type":"EntryPoint","urlTemplate":"https:\/\/glimpix.com\/?s={search_term_string}"},"query-input":{"@type":"PropertyValueSpecification","valueRequired":true,"valueName":"search_term_string"}}],"inLanguage":"en-GB"}]}},"_links":{"self":[{"href":"https:\/\/glimpix.com\/en\/wp-json\/wp\/v2\/pages\/2221","targetHints":{"allow":["GET"]}}],"collection":[{"href":"https:\/\/glimpix.com\/en\/wp-json\/wp\/v2\/pages"}],"about":[{"href":"https:\/\/glimpix.com\/en\/wp-json\/wp\/v2\/types\/page"}],"author":[{"embeddable":true,"href":"https:\/\/glimpix.com\/en\/wp-json\/wp\/v2\/users\/1"}],"replies":[{"embeddable":true,"href":"https:\/\/glimpix.com\/en\/wp-json\/wp\/v2\/comments?post=2221"}],"version-history":[{"count":22,"href":"https:\/\/glimpix.com\/en\/wp-json\/wp\/v2\/pages\/2221\/revisions"}],"predecessor-version":[{"id":2274,"href":"https:\/\/glimpix.com\/en\/wp-json\/wp\/v2\/pages\/2221\/revisions\/2274"}],"wp:attachment":[{"href":"https:\/\/glimpix.com\/en\/wp-json\/wp\/v2\/media?parent=2221"}],"curies":[{"name":"wp","href":"https:\/\/api.w.org\/{rel}","templated":true}]}}