{"id":2070,"date":"2024-09-15T19:21:14","date_gmt":"2024-09-15T17:21:14","guid":{"rendered":"https:\/\/glimpix.com\/?page_id=2070"},"modified":"2024-09-15T21:44:05","modified_gmt":"2024-09-15T19:44:05","slug":"login","status":"publish","type":"page","link":"https:\/\/glimpix.com\/en\/login\/","title":{"rendered":"Login \/ Signup"},"content":{"rendered":"<div data-elementor-type=\"wp-page\" data-elementor-id=\"2070\" class=\"elementor elementor-2070\">\n\t\t\t\t<div class=\"elementor-element elementor-element-210c17b e-flex e-con-boxed e-con e-parent\" data-id=\"210c17b\" data-element_type=\"container\" id=\"benefits\">\n\t\t\t\t\t<div class=\"e-con-inner\">\n\t\t<div class=\"elementor-element elementor-element-5e2919c1 e-con-full e-flex e-con e-child\" data-id=\"5e2919c1\" data-element_type=\"container\" data-settings=\"{&quot;background_background&quot;:&quot;classic&quot;}\">\n\t\t\t\t<div class=\"elementor-element elementor-element-4f019d3b elementor-widget__width-initial elementor-widget-mobile__width-inherit elementor-invisible elementor-widget elementor-widget-heading\" data-id=\"4f019d3b\" data-element_type=\"widget\" data-settings=\"{&quot;_animation_delay&quot;:&quot;240&quot;,&quot;_animation&quot;:&quot;fadeInUp&quot;}\" data-widget_type=\"heading.default\">\n\t\t\t\t<div class=\"elementor-widget-container\">\n\t\t\t<style>\/*! elementor - v3.21.0 - 26-05-2024 *\/\n.elementor-heading-title{padding:0;margin:0;line-height:1}.elementor-widget-heading .elementor-heading-title[class*=elementor-size-]>a{color:inherit;font-size:inherit;line-height:inherit}.elementor-widget-heading .elementor-heading-title.elementor-size-small{font-size:15px}.elementor-widget-heading .elementor-heading-title.elementor-size-medium{font-size:19px}.elementor-widget-heading .elementor-heading-title.elementor-size-large{font-size:29px}.elementor-widget-heading .elementor-heading-title.elementor-size-xl{font-size:39px}.elementor-widget-heading .elementor-heading-title.elementor-size-xxl{font-size:59px}<\/style><h2 class=\"elementor-heading-title elementor-size-default\">Login \/ Signup<\/h2>\t\t<\/div>\n\t\t\t\t<\/div>\n\t\t\t\t<\/div>\n\t\t<div class=\"elementor-element elementor-element-76249d79 e-con-full e-flex e-con e-child\" data-id=\"76249d79\" data-element_type=\"container\">\n\t\t<div class=\"elementor-element elementor-element-327b2e6a e-con-full e-flex e-con e-child\" data-id=\"327b2e6a\" data-element_type=\"container\">\n\t\t<div data-ep-wrapper-link=\"{&quot;url&quot;:&quot;https:\\\/\\\/brand.glimpix.com\\\/login&quot;,&quot;is_external&quot;:&quot;&quot;,&quot;nofollow&quot;:&quot;&quot;,&quot;custom_attributes&quot;:&quot;&quot;}\" style=\"cursor: pointer\" class=\"bdt-element-link elementor-element elementor-element-36f545d8 e-con-full e-flex elementor-invisible e-con e-child\" data-id=\"36f545d8\" data-element_type=\"container\" data-settings=\"{&quot;background_background&quot;:&quot;classic&quot;,&quot;animation&quot;:&quot;zoomOutUp&quot;,&quot;animation_delay&quot;:&quot;320&quot;}\">\n\t\t\t\t<div class=\"elementor-element elementor-element-32a67b28 ui-e-top ui-e-align-center ui-e-align-tablet-center ui-e-align-mobile-center elementor-widget elementor-widget-uicore-icon-box\" data-id=\"32a67b28\" data-element_type=\"widget\" data-settings=\"{&quot;position&quot;:&quot;top&quot;,&quot;content_padding&quot;:{&quot;unit&quot;:&quot;px&quot;,&quot;top&quot;:&quot;&quot;,&quot;right&quot;:&quot;&quot;,&quot;bottom&quot;:&quot;&quot;,&quot;left&quot;:&quot;&quot;,&quot;isLinked&quot;:true},&quot;content_padding_tablet&quot;:{&quot;unit&quot;:&quot;px&quot;,&quot;top&quot;:&quot;&quot;,&quot;right&quot;:&quot;&quot;,&quot;bottom&quot;:&quot;&quot;,&quot;left&quot;:&quot;&quot;,&quot;isLinked&quot;:true},&quot;content_padding_mobile&quot;:{&quot;unit&quot;:&quot;px&quot;,&quot;top&quot;:&quot;&quot;,&quot;right&quot;:&quot;&quot;,&quot;bottom&quot;:&quot;&quot;,&quot;left&quot;:&quot;&quot;,&quot;isLinked&quot;:true}}\" data-widget_type=\"uicore-icon-box.default\">\n\t\t\t\t<div class=\"elementor-widget-container\">\n\t\t\t\n\t\t\t<div class=\"ui-e-ico-box\" >\n\n\t\t\t\t\n\t\t\t\t<div class='ui-e-flex-wrp'>\n\n\t\t\t\t\t\t\t\t\t\t\t<div class=\"ui-e-icon-wrp\">\n\n\t\t\t\t\t\t\t<i aria-hidden=\"true\" class=\"ti ti-shopping-cart-full\"><\/i>\n\t\t\t\t\t\t<\/div>\n\t\t\t\t\t\n\t\t\t\t\t<div class=\"ui-e-title-wrp\"><h5 class=\"ui-e-title\"><a href=\"https:\/\/brand.glimpix.com\/login\">BRAND<\/a><\/h5><\/div>\n\t\t\t\t<\/div>\n\n\t\t\t\t<div class=\"ui-e-box-content\">\n\t\t\t\t\t\n\t\t\t\t\t<div class=\"ui-e-description\">\n\t\t\t\t\t\t\t\t\t\t\t<\/div>\n\n\t\t\t\t\t\n\t\t\t\t<\/div>\n\t\t\t<\/div>\n\t\t\t\t<\/div>\n\t\t\t\t<\/div>\n\t\t\t\t<\/div>\n\t\t\t\t<\/div>\n\t\t<div class=\"elementor-element elementor-element-2a756b86 e-con-full e-flex e-con e-child\" data-id=\"2a756b86\" data-element_type=\"container\">\n\t\t<div data-ep-wrapper-link=\"{&quot;url&quot;:&quot;https:\\\/\\\/creator.glimpix.com\\\/login&quot;,&quot;is_external&quot;:&quot;&quot;,&quot;nofollow&quot;:&quot;&quot;,&quot;custom_attributes&quot;:&quot;&quot;}\" style=\"cursor: pointer\" class=\"bdt-element-link elementor-element elementor-element-67537aeb e-con-full e-flex elementor-invisible e-con e-child\" data-id=\"67537aeb\" data-element_type=\"container\" data-settings=\"{&quot;background_background&quot;:&quot;classic&quot;,&quot;animation&quot;:&quot;zoomOutUp&quot;,&quot;animation_delay&quot;:&quot;320&quot;}\">\n\t\t\t\t<div class=\"elementor-element elementor-element-59c30930 ui-e-top ui-e-align-center ui-e-align-tablet-center ui-e-align-mobile-center elementor-widget elementor-widget-uicore-icon-box\" data-id=\"59c30930\" data-element_type=\"widget\" data-settings=\"{&quot;position&quot;:&quot;top&quot;,&quot;content_padding&quot;:{&quot;unit&quot;:&quot;px&quot;,&quot;top&quot;:&quot;&quot;,&quot;right&quot;:&quot;&quot;,&quot;bottom&quot;:&quot;&quot;,&quot;left&quot;:&quot;&quot;,&quot;isLinked&quot;:true},&quot;content_padding_tablet&quot;:{&quot;unit&quot;:&quot;px&quot;,&quot;top&quot;:&quot;&quot;,&quot;right&quot;:&quot;&quot;,&quot;bottom&quot;:&quot;&quot;,&quot;left&quot;:&quot;&quot;,&quot;isLinked&quot;:true},&quot;content_padding_mobile&quot;:{&quot;unit&quot;:&quot;px&quot;,&quot;top&quot;:&quot;&quot;,&quot;right&quot;:&quot;&quot;,&quot;bottom&quot;:&quot;&quot;,&quot;left&quot;:&quot;&quot;,&quot;isLinked&quot;:true}}\" data-widget_type=\"uicore-icon-box.default\">\n\t\t\t\t<div class=\"elementor-widget-container\">\n\t\t\t\n\t\t\t<div class=\"ui-e-ico-box\" >\n\n\t\t\t\t\n\t\t\t\t<div class='ui-e-flex-wrp'>\n\n\t\t\t\t\t\t\t\t\t\t\t<div class=\"ui-e-icon-wrp\">\n\n\t\t\t\t\t\t\t<i aria-hidden=\"true\" class=\"ti ti-palette\"><\/i>\n\t\t\t\t\t\t<\/div>\n\t\t\t\t\t\n\t\t\t\t\t<div class=\"ui-e-title-wrp\"><h5 class=\"ui-e-title\"><a href=\"https:\/\/creator.glimpix.com\/login\">CREATOR<\/a><\/h5><\/div>\n\t\t\t\t<\/div>\n\n\t\t\t\t<div class=\"ui-e-box-content\">\n\t\t\t\t\t\n\t\t\t\t\t<div class=\"ui-e-description\">\n\t\t\t\t\t\t\t\t\t\t\t<\/div>\n\n\t\t\t\t\t\n\t\t\t\t<\/div>\n\t\t\t<\/div>\n\t\t\t\t<\/div>\n\t\t\t\t<\/div>\n\t\t\t\t<\/div>\n\t\t\t\t<\/div>\n\t\t\t\t<\/div>\n\t\t\t\t\t<\/div>\n\t\t\t\t<\/div>\n\t\t\t\t<\/div>","protected":false},"excerpt":{"rendered":"<p>Prihl\u00e1senie SOM ZNA\u010cKA SOM TVORCA<\/p>","protected":false},"author":1,"featured_media":0,"parent":0,"menu_order":0,"comment_status":"closed","ping_status":"closed","template":"","meta":{"footnotes":""},"class_list":["post-2070","page","type-page","status-publish","hentry"],"yoast_head":"<!-- This site is optimized with the Yoast SEO plugin v24.0 - https:\/\/yoast.com\/wordpress\/plugins\/seo\/ -->\n<title>Prihl\u00e1senie - Glimpix.com<\/title>\n<meta name=\"robots\" content=\"index, follow, max-snippet:-1, max-image-preview:large, max-video-preview:-1\" \/>\n<link rel=\"canonical\" href=\"https:\/\/glimpix.com\/en\/login\/\" \/>\n<meta property=\"og:locale\" content=\"en_GB\" \/>\n<meta property=\"og:type\" content=\"article\" \/>\n<meta property=\"og:title\" content=\"Prihl\u00e1senie - Glimpix.com\" \/>\n<meta property=\"og:description\" content=\"Prihl\u00e1senie SOM ZNA\u010cKA SOM TVORCA\" \/>\n<meta property=\"og:url\" content=\"https:\/\/glimpix.com\/en\/login\/\" \/>\n<meta property=\"og:site_name\" content=\"Glimpix.com\" \/>\n<meta property=\"article:modified_time\" content=\"2024-09-15T19:44:05+00:00\" \/>\n<meta name=\"twitter:card\" content=\"summary_large_image\" \/>\n<script type=\"application\/ld+json\" class=\"yoast-schema-graph\">{\"@context\":\"https:\/\/schema.org\",\"@graph\":[{\"@type\":\"WebPage\",\"@id\":\"https:\/\/glimpix.com\/login\/\",\"url\":\"https:\/\/glimpix.com\/login\/\",\"name\":\"Prihl\u00e1senie - Glimpix.com\",\"isPartOf\":{\"@id\":\"https:\/\/glimpix.com\/#website\"},\"datePublished\":\"2024-09-15T17:21:14+00:00\",\"dateModified\":\"2024-09-15T19:44:05+00:00\",\"breadcrumb\":{\"@id\":\"https:\/\/glimpix.com\/login\/#breadcrumb\"},\"inLanguage\":\"en-GB\",\"potentialAction\":[{\"@type\":\"ReadAction\",\"target\":[\"https:\/\/glimpix.com\/login\/\"]}]},{\"@type\":\"BreadcrumbList\",\"@id\":\"https:\/\/glimpix.com\/login\/#breadcrumb\",\"itemListElement\":[{\"@type\":\"ListItem\",\"position\":1,\"name\":\"Domovsk\u00e1 str\u00e1nka\",\"item\":\"https:\/\/glimpix.com\/\"},{\"@type\":\"ListItem\",\"position\":2,\"name\":\"Prihl\u00e1senie\"}]},{\"@type\":\"WebSite\",\"@id\":\"https:\/\/glimpix.com\/#website\",\"url\":\"https:\/\/glimpix.com\/\",\"name\":\"Glimpix.com\",\"description\":\"\",\"potentialAction\":[{\"@type\":\"SearchAction\",\"target\":{\"@type\":\"EntryPoint\",\"urlTemplate\":\"https:\/\/glimpix.com\/?s={search_term_string}\"},\"query-input\":{\"@type\":\"PropertyValueSpecification\",\"valueRequired\":true,\"valueName\":\"search_term_string\"}}],\"inLanguage\":\"en-GB\"}]}<\/script>\n<!-- \/ Yoast SEO plugin. -->","yoast_head_json":{"title":"Prihl\u00e1senie - Glimpix.com","robots":{"index":"index","follow":"follow","max-snippet":"max-snippet:-1","max-image-preview":"max-image-preview:large","max-video-preview":"max-video-preview:-1"},"canonical":"https:\/\/glimpix.com\/en\/login\/","og_locale":"en_GB","og_type":"article","og_title":"Prihl\u00e1senie - Glimpix.com","og_description":"Prihl\u00e1senie SOM ZNA\u010cKA SOM TVORCA","og_url":"https:\/\/glimpix.com\/en\/login\/","og_site_name":"Glimpix.com","article_modified_time":"2024-09-15T19:44:05+00:00","twitter_card":"summary_large_image","schema":{"@context":"https:\/\/schema.org","@graph":[{"@type":"WebPage","@id":"https:\/\/glimpix.com\/login\/","url":"https:\/\/glimpix.com\/login\/","name":"Prihl\u00e1senie - Glimpix.com","isPartOf":{"@id":"https:\/\/glimpix.com\/#website"},"datePublished":"2024-09-15T17:21:14+00:00","dateModified":"2024-09-15T19:44:05+00:00","breadcrumb":{"@id":"https:\/\/glimpix.com\/login\/#breadcrumb"},"inLanguage":"en-GB","potentialAction":[{"@type":"ReadAction","target":["https:\/\/glimpix.com\/login\/"]}]},{"@type":"BreadcrumbList","@id":"https:\/\/glimpix.com\/login\/#breadcrumb","itemListElement":[{"@type":"ListItem","position":1,"name":"Domovsk\u00e1 str\u00e1nka","item":"https:\/\/glimpix.com\/"},{"@type":"ListItem","position":2,"name":"Prihl\u00e1senie"}]},{"@type":"WebSite","@id":"https:\/\/glimpix.com\/#website","url":"https:\/\/glimpix.com\/","name":"Glimpix.com","description":"","potentialAction":[{"@type":"SearchAction","target":{"@type":"EntryPoint","urlTemplate":"https:\/\/glimpix.com\/?s={search_term_string}"},"query-input":{"@type":"PropertyValueSpecification","valueRequired":true,"valueName":"search_term_string"}}],"inLanguage":"en-GB"}]}},"_links":{"self":[{"href":"https:\/\/glimpix.com\/en\/wp-json\/wp\/v2\/pages\/2070","targetHints":{"allow":["GET"]}}],"collection":[{"href":"https:\/\/glimpix.com\/en\/wp-json\/wp\/v2\/pages"}],"about":[{"href":"https:\/\/glimpix.com\/en\/wp-json\/wp\/v2\/types\/page"}],"author":[{"embeddable":true,"href":"https:\/\/glimpix.com\/en\/wp-json\/wp\/v2\/users\/1"}],"replies":[{"embeddable":true,"href":"https:\/\/glimpix.com\/en\/wp-json\/wp\/v2\/comments?post=2070"}],"version-history":[{"count":34,"href":"https:\/\/glimpix.com\/en\/wp-json\/wp\/v2\/pages\/2070\/revisions"}],"predecessor-version":[{"id":2106,"href":"https:\/\/glimpix.com\/en\/wp-json\/wp\/v2\/pages\/2070\/revisions\/2106"}],"wp:attachment":[{"href":"https:\/\/glimpix.com\/en\/wp-json\/wp\/v2\/media?parent=2070"}],"curies":[{"name":"wp","href":"https:\/\/api.w.org\/{rel}","templated":true}]}}